{"id":867,"date":"2019-03-28T17:46:03","date_gmt":"2019-03-28T17:46:03","guid":{"rendered":"https:\/\/reliableparts.net\/us\/?page_id=867"},"modified":"2024-02-08T17:01:17","modified_gmt":"2024-02-08T17:01:17","slug":"privacy-policy","status":"publish","type":"page","link":"https:\/\/reliableparts.net\/ca\/fr\/privacy-policy\/","title":{"rendered":"Politique\u00a0de\u00a0confidentialit\u00e9"},"content":{"rendered":"<div data-elementor-type=\"wp-post\" data-elementor-id=\"867\" class=\"elementor elementor-867\" data-elementor-post-type=\"page\">\n\t\t\t\t\t\t<section class=\"elementor-section elementor-top-section elementor-element elementor-element-2e2836e4 elementor-section-full_width elementor-section-content-middle elementor-hidden-phone elementor-section-height-default elementor-section-height-default\" data-id=\"2e2836e4\" data-element_type=\"section\">\n\t\t\t\t\t\t<div class=\"elementor-container elementor-column-gap-no\">\n\t\t\t\t\t<div class=\"elementor-column elementor-col-100 elementor-top-column elementor-element elementor-element-1c13bffb\" data-id=\"1c13bffb\" data-element_type=\"column\" id=\"wp-pages-breadcrumbs\">\n\t\t\t<div class=\"elementor-widget-wrap elementor-element-populated\">\n\t\t\t\t\t\t<div class=\"elementor-element elementor-element-45ae50b elementor-widget elementor-widget-heading\" data-id=\"45ae50b\" data-element_type=\"widget\" data-widget_type=\"heading.default\">\n\t\t\t\t<div class=\"elementor-widget-container\">\n\t\t\t<style>\/*! elementor - v3.23.0 - 15-07-2024 *\/\n.elementor-heading-title{padding:0;margin:0;line-height:1}.elementor-widget-heading .elementor-heading-title[class*=elementor-size-]>a{color:inherit;font-size:inherit;line-height:inherit}.elementor-widget-heading .elementor-heading-title.elementor-size-small{font-size:15px}.elementor-widget-heading .elementor-heading-title.elementor-size-medium{font-size:19px}.elementor-widget-heading .elementor-heading-title.elementor-size-large{font-size:29px}.elementor-widget-heading .elementor-heading-title.elementor-size-xl{font-size:39px}.elementor-widget-heading .elementor-heading-title.elementor-size-xxl{font-size:59px}<\/style><h2 class=\"elementor-heading-title elementor-size-default\"><a href=\"\/ca\/fr\/\">Accueil<\/a><\/h2>\t\t<\/div>\n\t\t\t\t<\/div>\n\t\t\t\t<div class=\"elementor-element elementor-element-1a6a790f elementor-widget elementor-widget-heading\" data-id=\"1a6a790f\" data-element_type=\"widget\" data-widget_type=\"heading.default\">\n\t\t\t\t<div class=\"elementor-widget-container\">\n\t\t\t<h2 class=\"elementor-heading-title elementor-size-default\">\/<\/h2>\t\t<\/div>\n\t\t\t\t<\/div>\n\t\t\t\t<div class=\"elementor-element elementor-element-5227c0d9 elementor-widget elementor-widget-heading\" data-id=\"5227c0d9\" data-element_type=\"widget\" data-widget_type=\"heading.default\">\n\t\t\t\t<div class=\"elementor-widget-container\">\n\t\t\t<h2 class=\"elementor-heading-title elementor-size-default\">Politique\u00a0de\u00a0confidentialit\u00e9<\/h2>\t\t<\/div>\n\t\t\t\t<\/div>\n\t\t\t\t\t<\/div>\n\t\t<\/div>\n\t\t\t\t\t<\/div>\n\t\t<\/section>\n\t\t\t\t<section class=\"elementor-section elementor-top-section elementor-element elementor-element-6dc2444 elementor-section-full_width elementor-section-height-default elementor-section-height-default\" data-id=\"6dc2444\" data-element_type=\"section\" id=\"page-title-mobile\">\n\t\t\t\t\t\t<div class=\"elementor-container elementor-column-gap-no\">\n\t\t\t\t\t<div class=\"elementor-column elementor-col-100 elementor-top-column elementor-element elementor-element-7e51a9a1\" data-id=\"7e51a9a1\" data-element_type=\"column\">\n\t\t\t<div class=\"elementor-widget-wrap elementor-element-populated\">\n\t\t\t\t\t\t<div class=\"elementor-element elementor-element-1ec357d4 elementor-widget elementor-widget-heading\" data-id=\"1ec357d4\" data-element_type=\"widget\" data-widget_type=\"heading.default\">\n\t\t\t\t<div class=\"elementor-widget-container\">\n\t\t\t<h2 class=\"elementor-heading-title elementor-size-default\">Politique\u00a0de\u00a0confidentialit\u00e9<\/h2>\t\t<\/div>\n\t\t\t\t<\/div>\n\t\t\t\t\t<\/div>\n\t\t<\/div>\n\t\t\t\t\t<\/div>\n\t\t<\/section>\n\t\t\t\t<section class=\"elementor-section elementor-top-section elementor-element elementor-element-12329dff elementor-section-full_width container break-word elementor-section-height-default elementor-section-height-default\" data-id=\"12329dff\" data-element_type=\"section\" data-settings=\"{&quot;background_background&quot;:&quot;classic&quot;}\">\n\t\t\t\t\t\t<div class=\"elementor-container elementor-column-gap-no\">\n\t\t\t\t\t<div class=\"elementor-column elementor-col-50 elementor-top-column elementor-element elementor-element-4d92ba8\" data-id=\"4d92ba8\" data-element_type=\"column\">\n\t\t\t<div class=\"elementor-widget-wrap elementor-element-populated\">\n\t\t\t\t\t\t<div class=\"elementor-element elementor-element-50eae56d elementor-widget elementor-widget-heading\" data-id=\"50eae56d\" data-element_type=\"widget\" data-widget_type=\"heading.default\">\n\t\t\t\t<div class=\"elementor-widget-container\">\n\t\t\t<h2 class=\"elementor-heading-title elementor-size-default\">Notre\u00a0engagement<\/h2>\t\t<\/div>\n\t\t\t\t<\/div>\n\t\t\t\t<div class=\"elementor-element elementor-element-647b1b0f elementor-widget elementor-widget-text-editor\" data-id=\"647b1b0f\" data-element_type=\"widget\" data-widget_type=\"text-editor.default\">\n\t\t\t\t<div class=\"elementor-widget-container\">\n\t\t\t<style>\/*! elementor - v3.23.0 - 15-07-2024 *\/\n.elementor-widget-text-editor.elementor-drop-cap-view-stacked .elementor-drop-cap{background-color:#69727d;color:#fff}.elementor-widget-text-editor.elementor-drop-cap-view-framed .elementor-drop-cap{color:#69727d;border:3px solid;background-color:transparent}.elementor-widget-text-editor:not(.elementor-drop-cap-view-default) .elementor-drop-cap{margin-top:8px}.elementor-widget-text-editor:not(.elementor-drop-cap-view-default) .elementor-drop-cap-letter{width:1em;height:1em}.elementor-widget-text-editor .elementor-drop-cap{float:left;text-align:center;line-height:1;font-size:50px}.elementor-widget-text-editor .elementor-drop-cap-letter{display:inline-block}<\/style>\t\t\t\tReliable Parts is committed to respecting the privacy rights of all visitors to our web site.\n\nReliable Parts realizes that you want your privacy protected and we pledge to all of our customers to do just that! We will not sell, share, rent or loan your personal information including your e-mail address to anyone.\n\nwww.ReliableParts.net will use your provided registration information to contact customers regarding orders placed at www.ReliableParts.net when necessary. However, we will not send or allow others to send our customers unsolicited e-mails. We will only collect personally identifiable information to the extent deemed reasonably necessary to serve our legitimate business purposes, and we will maintain appropriate safeguards to ensure the security, integrity, and privacy of the information you have provided.\n\nFor your protection, all information provided to us during your visit at www.reliableparts.ca will be transmitted to us using top of the line encryption software. This guarantees that every purchase made at www.ReliableParts.net is protected and safe.\t\t\t\t\t\t<\/div>\n\t\t\t\t<\/div>\n\t\t\t\t<div class=\"elementor-element elementor-element-72a7ce80 elementor-widget elementor-widget-heading\" data-id=\"72a7ce80\" data-element_type=\"widget\" data-widget_type=\"heading.default\">\n\t\t\t\t<div class=\"elementor-widget-container\">\n\t\t\t<h2 class=\"elementor-heading-title elementor-size-default\">Les\u00a0achats\u00a0sont\u00a0toujours\u00a0s\u00e9curis\u00e9s<\/h2>\t\t<\/div>\n\t\t\t\t<\/div>\n\t\t\t\t<div class=\"elementor-element elementor-element-674976dd elementor-widget elementor-widget-text-editor\" data-id=\"674976dd\" data-element_type=\"widget\" data-widget_type=\"text-editor.default\">\n\t\t\t\t<div class=\"elementor-widget-container\">\n\t\t\t\t\t\t\twww.ReliableParts.net uses SSL (Secure Sockets Layer) Software to protect your credit card information. SSL software encrypts all order information including your name, address, and credit card number. For SSL security to work, you must use an SSL-enabled browser (any version 3 or higher browser should work). We reveal only the last 4 digits of your credit card number.\n\nIf you prefer to order by phone, call our Call Center ( Canada ) at 1-800-663-6060. and one of our friendly sales staff will help you find what you are looking for. Please have your model number and your credit card information ready.\t\t\t\t\t\t<\/div>\n\t\t\t\t<\/div>\n\t\t\t\t<div class=\"elementor-element elementor-element-440d1a5f elementor-widget elementor-widget-heading\" data-id=\"440d1a5f\" data-element_type=\"widget\" data-widget_type=\"heading.default\">\n\t\t\t\t<div class=\"elementor-widget-container\">\n\t\t\t<h2 class=\"elementor-heading-title elementor-size-default\">Objectifs<\/h2>\t\t<\/div>\n\t\t\t\t<\/div>\n\t\t\t\t<div class=\"elementor-element elementor-element-364bd37a elementor-widget elementor-widget-text-editor\" data-id=\"364bd37a\" data-element_type=\"widget\" data-widget_type=\"text-editor.default\">\n\t\t\t\t<div class=\"elementor-widget-container\">\n\t\t\t\t\t\t\tNous\u00a0recueillons\u00a0des\u00a0renseignements\u00a0personnels\u00a0aux\u00a0fins\u00a0suivantes\u00a0:\n<ul class=\"privacy-policy-collection-terms\">\n \t<li>Pour\u00a0personnaliser\u00a0votre\u00a0exp\u00e9rience\u00a0sur\u00a0notre\u00a0site.<\/li>\n<\/ul>\n<div><\/div>\n<ul class=\"privacy-policy-collection-terms\">\n \t<li>Pour\u00a0communiquer\u00a0s\u00e9par\u00e9ment\u00a0avec\u00a0vous.<\/li>\n<\/ul>\n<div><\/div>\n<ul class=\"privacy-policy-collection-terms\">\n \t<li>Pour\u00a0faciliter\u00a0vos\u00a0d\u00e9placements\u00a0sur\u00a0notre\u00a0site.<\/li>\n<\/ul>\n<div><\/div>\n<ul class=\"privacy-policy-collection-terms\">\n \t<li>Pouvoir\u00a0vous\u00a0envoyer\u00a0de\u00a0fa\u00e7on\u00a0s\u00e9lective\u00a0des\u00a0communications\u00a0susceptibles\u00a0de\u00a0vous\u00a0int\u00e9resser,\u00a0soit\u00a0par\u00a0voie\u00a0\u00e9lectronique,\u00a0soit\u00a0autrement.<\/li>\n<\/ul>\n<div><\/div>\t\t\t\t\t\t<\/div>\n\t\t\t\t<\/div>\n\t\t\t\t\t<\/div>\n\t\t<\/div>\n\t\t\t\t<div class=\"elementor-column elementor-col-50 elementor-top-column elementor-element elementor-element-25d8c579\" data-id=\"25d8c579\" data-element_type=\"column\">\n\t\t\t<div class=\"elementor-widget-wrap elementor-element-populated\">\n\t\t\t\t\t\t<div class=\"elementor-element elementor-element-144a8e30 elementor-widget elementor-widget-heading\" data-id=\"144a8e30\" data-element_type=\"widget\" data-widget_type=\"heading.default\">\n\t\t\t\t<div class=\"elementor-widget-container\">\n\t\t\t<h2 class=\"elementor-heading-title elementor-size-default\">Collection<\/h2>\t\t<\/div>\n\t\t\t\t<\/div>\n\t\t\t\t<div class=\"elementor-element elementor-element-709e0ed6 elementor-widget elementor-widget-text-editor\" data-id=\"709e0ed6\" data-element_type=\"widget\" data-widget_type=\"text-editor.default\">\n\t\t\t\t<div class=\"elementor-widget-container\">\n\t\t\t\t\t\t\tNous\u00a0ne\u00a0recueillerons\u00a0des\u00a0renseignements\u00a0personnels\u00a0qu'aux\u00a0fins\u00a0que\u00a0nous\u00a0avons\u00a0indiqu\u00e9es\u00a0ci-dessus\u00a0et\u00a0qui\u00a0sont\u00a0raisonnables\u00a0dans\u00a0les\u00a0circonstances.\u00a0Nous\u00a0ne\u00a0recueillerons\u00a0des\u00a0renseignements\u00a0personnels\u00a0que\u00a0par\u00a0des\u00a0m\u00e9thodes\u00a0licites,\u00a0nous\u00a0ne\u00a0recueillerons\u00a0pas\u00a0de\u00a0renseignements\u00a0sans\u00a0discrimination\u00a0et\u00a0nous\u00a0tenterons\u00a0de\u00a0recueillir\u00a0des\u00a0renseignements\u00a0personnels\u00a0directement\u00a0aupr\u00e8s\u00a0de\u00a0la\u00a0personne\u00a0concern\u00e9e,\u00a0\u00e0\u00a0moins\u00a0que\u00a0cette\u00a0personne\u00a0ne\u00a0l'autorise\u00a0\u00e0\u00a0les\u00a0recueillir\u00a0aupr\u00e8s\u00a0d'un\u00a0tiers\u00a0ou\u00a0autrement,\u00a0comme\u00a0le\u00a0permet\u00a0la\u00a0Loi.\n<ul class=\"privacy-policy-collection-terms\">\n \t<li>Suivez\u00a0votre\u00a0commande\u00a0en\u00a0ligne.<\/li>\n<\/ul>\n<div><\/div>\n<ul class=\"privacy-policy-collection-terms\">\n \t<li>Assurez-vous\u00a0de\u00a0voir\u00a0les\u00a0produits\u00a0et\u00a0les\u00a0prix\u00a0corrects\u00a0applicables\u00a0\u00e0\u00a0la\u00a0province\u00a0o\u00f9\u00a0vous\u00a0vous\u00a0trouvez.<\/li>\n<\/ul>\n<div><\/div>\n<ul class=\"privacy-policy-collection-terms\">\n \t<li>Personnalisez\u00a0votre\u00a0exp\u00e9rience\u00a0en\u00a0vous\u00a0signalant\u00a0les\u00a0fonctionnalit\u00e9s\u00a0et\u00a0les\u00a0informations\u00a0susceptibles\u00a0de\u00a0vous\u00a0int\u00e9resser.<\/li>\n<\/ul>\n<div><\/div>\nUn\u00a0cookie\u00a0ne\u00a0peut\u00a0pas\u00a0\u00eatre\u00a0utilis\u00e9\u00a0pour\u00a0acc\u00e9der\u00a0aux\u00a0donn\u00e9es\u00a0de\u00a0votre\u00a0disque\u00a0dur\u00a0ou\u00a0les\u00a0compromettre.\u00a0Si\u00a0vous\u00a0arrivez\u00a0sur\u00a0notre\u00a0site\u00a0Web\u00a0avec\u00a0votre\u00a0navigateur\u00a0configur\u00e9\u00a0pour\u00a0d\u00e9sactiver\u00a0les\u00a0cookies,\u00a0vous\u00a0ne\u00a0serez\u00a0pas\u00a0identifi\u00e9\u00a0tant\u00a0que\u00a0vous\u00a0ne\u00a0vous\u00a0\u00eates\u00a0pas\u00a0inscrit\u00a0et\u00a0connect\u00e9.\u00a0Veuillez\u00a0noter\u00a0que\u00a0des\u00a0cookies\u00a0peuvent\u00a0\u00eatre\u00a0requis\u00a0pour\u00a0remplir\u00a0certaines\u00a0fonctions\u00a0sur\u00a0ce\u00a0site,\u00a0comme\u00a0effectuer\u00a0des\u00a0achats\u00a0ou\u00a0passer\u00a0des\u00a0commandes\u00a0dans\u00a0notre\u00a0boutique\u00a0en\u00a0ligne.\t\t\t\t\t\t<\/div>\n\t\t\t\t<\/div>\n\t\t\t\t<div class=\"elementor-element elementor-element-1d05984 elementor-widget elementor-widget-heading\" data-id=\"1d05984\" data-element_type=\"widget\" data-widget_type=\"heading.default\">\n\t\t\t\t<div class=\"elementor-widget-container\">\n\t\t\t<h2 class=\"elementor-heading-title elementor-size-default\">Responsabilit\u00e9<\/h2>\t\t<\/div>\n\t\t\t\t<\/div>\n\t\t\t\t<div class=\"elementor-element elementor-element-43f4c7ce elementor-widget elementor-widget-text-editor\" data-id=\"43f4c7ce\" data-element_type=\"widget\" data-widget_type=\"text-editor.default\">\n\t\t\t\t<div class=\"elementor-widget-container\">\n\t\t\t\t\t\t\tNous\u00a0sommes\u00a0responsables\u00a0de\u00a0tous\u00a0les\u00a0renseignements\u00a0personnels\u00a0sous\u00a0notre\u00a0contr\u00f4le,\u00a0m\u00eame\u00a0s'ils\u00a0ne\u00a0sont\u00a0pas\u00a0en\u00a0notre\u00a0possession.\u00a0Nous\u00a0avons\u00a0\u00e9labor\u00e9\u00a0des\u00a0politiques\u00a0et\u00a0des\u00a0proc\u00e9dures\u00a0pour\u00a0traiter\u00a0de\u00a0la\u00a0collecte,\u00a0de\u00a0l'utilisation\u00a0et\u00a0de\u00a0la\u00a0communication\u00a0ad\u00e9quates\u00a0des\u00a0renseignements\u00a0personnels.\u00a0Nous\u00a0avons\u00a0nomm\u00e9\u00a0la\u00a0personne\u00a0suivante\u00a0pour\u00a0r\u00e9pondre\u00a0\u00e0\u00a0toute\u00a0question\u00a0ou\u00a0pour\u00a0traiter\u00a0les\u00a0demandes\u00a0d'acc\u00e8s\u00a0aux\u00a0renseignements\u00a0personnels\u00a0ou\u00a0les\u00a0plaintes\u00a0:\n<p style=\"padding-left: 30px;\">E-mail: <a href=\"mailto:reliableparts@reliableparts.com\"><strong><span style=\"color: #14447d;\">reliableparts@reliableparts.com<\/span><\/strong><\/a><\/p>\t\t\t\t\t\t<\/div>\n\t\t\t\t<\/div>\n\t\t\t\t<div class=\"elementor-element elementor-element-1c7a6acc elementor-widget elementor-widget-heading\" data-id=\"1c7a6acc\" data-element_type=\"widget\" data-widget_type=\"heading.default\">\n\t\t\t\t<div class=\"elementor-widget-container\">\n\t\t\t<h2 class=\"elementor-heading-title elementor-size-default\">Utilisation\u00a0des\u00a0adresses\u00a0IP<\/h2>\t\t<\/div>\n\t\t\t\t<\/div>\n\t\t\t\t<div class=\"elementor-element elementor-element-1ac49525 elementor-widget elementor-widget-text-editor\" data-id=\"1ac49525\" data-element_type=\"widget\" data-widget_type=\"text-editor.default\">\n\t\t\t\t<div class=\"elementor-widget-container\">\n\t\t\t\t\t\t\tUne adresse IP est un num\u00e9ro qui est automatiquement attribu\u00e9 \u00e0 votre ordinateur lorsque vous surfez sur Internet. Les serveurs web identifient automatiquement votre ordinateur par son adresse IP. Nous pouvons collecter les adresses IP \u00e0 des fins d'administration du syst\u00e8me, pour communiquer des informations agr\u00e9g\u00e9es \u00e0 nos annonceurs et pour contr\u00f4ler l'utilisation de notre site web. Lorsque les clients demandent des pages de notre site web, nos serveurs enregistrent les adresses IP des clients demandeurs. Normalement, nous ne relions pas les adresses IP \u00e0 des donn\u00e9es personnelles identifiables, ce qui signifie que les sessions des clients sont enregistr\u00e9es, mais que l'identit\u00e9 des clients reste anonyme pour nous. Nous pouvons et nous utiliserons les adresses IP pour identifier un client lorsque nous estimons n\u00e9cessaire de faire respecter nos r\u00e8gles ou conditions de service ou de prot\u00e9ger notre service, notre site web ou toute personne, ou lorsque cela est autrement autoris\u00e9 ou requis par la loi.\t\t\t\t\t\t<\/div>\n\t\t\t\t<\/div>\n\t\t\t\t<div class=\"elementor-element elementor-element-2ce8cad0 elementor-widget elementor-widget-heading\" data-id=\"2ce8cad0\" data-element_type=\"widget\" data-widget_type=\"heading.default\">\n\t\t\t\t<div class=\"elementor-widget-container\">\n\t\t\t<h2 class=\"elementor-heading-title elementor-size-default\">Liens\u00a0vers\u00a0d'autres\u00a0sites<\/h2>\t\t<\/div>\n\t\t\t\t<\/div>\n\t\t\t\t<div class=\"elementor-element elementor-element-22a37282 elementor-widget elementor-widget-text-editor\" data-id=\"22a37282\" data-element_type=\"widget\" data-widget_type=\"text-editor.default\">\n\t\t\t\t<div class=\"elementor-widget-container\">\n\t\t\t\t\t\t\tNous ne sommes pas responsables du contenu ou des politiques de confidentialit\u00e9 des sites web auxquels notre site web peut \u00eatre li\u00e9 et notre politique de confidentialit\u00e9 ne s'applique pas \u00e0 ces sites web. Ces autres sites web peuvent envoyer leurs propres cookies aux utilisateurs, collecter des donn\u00e9es ou solliciter des informations personnelles. N'oubliez pas que lorsque vous donnez des informations personnelles en ligne (par exemple, via des forums ou des lignes de discussion), ces informations peuvent \u00eatre collect\u00e9es et utilis\u00e9es par des personnes que vous ne connaissez pas. Bien que nous nous efforcions de prot\u00e9ger les informations personnelles de nos clients, nous ne pouvons pas garantir la s\u00e9curit\u00e9 des informations que vous divulguez en ligne, vous les divulguez \u00e0 vos propres risques.\t\t\t\t\t\t<\/div>\n\t\t\t\t<\/div>\n\t\t\t\t\t<\/div>\n\t\t<\/div>\n\t\t\t\t\t<\/div>\n\t\t<\/section>\n\t\t\t\t<section class=\"elementor-section elementor-top-section elementor-element elementor-element-4953ba6d elementor-section-boxed elementor-section-height-default elementor-section-height-default\" data-id=\"4953ba6d\" data-element_type=\"section\">\n\t\t\t\t\t\t<div class=\"elementor-container elementor-column-gap-default\">\n\t\t\t\t\t<div class=\"elementor-column elementor-col-100 elementor-top-column elementor-element elementor-element-524e3f24\" data-id=\"524e3f24\" data-element_type=\"column\">\n\t\t\t<div class=\"elementor-widget-wrap elementor-element-populated\">\n\t\t\t\t\t\t<div class=\"elementor-element elementor-element-d0ecbff elementor-widget elementor-widget-spacer\" data-id=\"d0ecbff\" data-element_type=\"widget\" data-widget_type=\"spacer.default\">\n\t\t\t\t<div class=\"elementor-widget-container\">\n\t\t\t<style>\/*! elementor - v3.23.0 - 15-07-2024 *\/\n.elementor-column .elementor-spacer-inner{height:var(--spacer-size)}.e-con{--container-widget-width:100%}.e-con-inner>.elementor-widget-spacer,.e-con>.elementor-widget-spacer{width:var(--container-widget-width,var(--spacer-size));--align-self:var(--container-widget-align-self,initial);--flex-shrink:0}.e-con-inner>.elementor-widget-spacer>.elementor-widget-container,.e-con>.elementor-widget-spacer>.elementor-widget-container{height:100%;width:100%}.e-con-inner>.elementor-widget-spacer>.elementor-widget-container>.elementor-spacer,.e-con>.elementor-widget-spacer>.elementor-widget-container>.elementor-spacer{height:100%}.e-con-inner>.elementor-widget-spacer>.elementor-widget-container>.elementor-spacer>.elementor-spacer-inner,.e-con>.elementor-widget-spacer>.elementor-widget-container>.elementor-spacer>.elementor-spacer-inner{height:var(--container-widget-height,var(--spacer-size))}.e-con-inner>.elementor-widget-spacer.elementor-widget-empty,.e-con>.elementor-widget-spacer.elementor-widget-empty{position:relative;min-height:22px;min-width:22px}.e-con-inner>.elementor-widget-spacer.elementor-widget-empty .elementor-widget-empty-icon,.e-con>.elementor-widget-spacer.elementor-widget-empty .elementor-widget-empty-icon{position:absolute;top:0;bottom:0;left:0;right:0;margin:auto;padding:0;width:22px;height:22px}<\/style>\t\t<div class=\"elementor-spacer\">\n\t\t\t<div class=\"elementor-spacer-inner\"><\/div>\n\t\t<\/div>\n\t\t\t\t<\/div>\n\t\t\t\t<\/div>\n\t\t\t\t\t<\/div>\n\t\t<\/div>\n\t\t\t\t\t<\/div>\n\t\t<\/section>\n\t\t\t\t<\/div>","protected":false},"excerpt":{"rendered":"<p>Home \/ Privacy Policy Privacy Policy Our Commitment Reliable Parts is committed to respecting the privacy rights of all visitors to our web site. Reliable Parts realizes that you want your privacy protected and we pledge to all of our customers to do just that! We will not sell, share, rent or loan your personal [&hellip;]<\/p>","protected":false},"author":1,"featured_media":0,"parent":0,"menu_order":0,"comment_status":"closed","ping_status":"closed","template":"","meta":{"_acf_changed":false,"footnotes":""},"class_list":["post-867","page","type-page","status-publish","hentry"],"acf":[],"_links":{"self":[{"href":"https:\/\/reliableparts.net\/ca\/fr\/wp-json\/wp\/v2\/pages\/867"}],"collection":[{"href":"https:\/\/reliableparts.net\/ca\/fr\/wp-json\/wp\/v2\/pages"}],"about":[{"href":"https:\/\/reliableparts.net\/ca\/fr\/wp-json\/wp\/v2\/types\/page"}],"author":[{"embeddable":true,"href":"https:\/\/reliableparts.net\/ca\/fr\/wp-json\/wp\/v2\/users\/1"}],"replies":[{"embeddable":true,"href":"https:\/\/reliableparts.net\/ca\/fr\/wp-json\/wp\/v2\/comments?post=867"}],"version-history":[{"count":10,"href":"https:\/\/reliableparts.net\/ca\/fr\/wp-json\/wp\/v2\/pages\/867\/revisions"}],"predecessor-version":[{"id":6695,"href":"https:\/\/reliableparts.net\/ca\/fr\/wp-json\/wp\/v2\/pages\/867\/revisions\/6695"}],"wp:attachment":[{"href":"https:\/\/reliableparts.net\/ca\/fr\/wp-json\/wp\/v2\/media?parent=867"}],"curies":[{"name":"wp","href":"https:\/\/api.w.org\/{rel}","templated":true}]}}