{"id":1842,"date":"2020-07-31T05:01:31","date_gmt":"2020-07-31T05:01:31","guid":{"rendered":"https:\/\/reliableparts.net\/ca\/?page_id=1842"},"modified":"2023-12-18T14:12:06","modified_gmt":"2023-12-18T14:12:06","slug":"shipping-cutoff-times","status":"publish","type":"page","link":"https:\/\/reliableparts.net\/ca\/fr\/shipping-cutoff-times\/","title":{"rendered":"Temps limites d\u2019exp\u00e9dition"},"content":{"rendered":"<div data-elementor-type=\"wp-post\" data-elementor-id=\"1842\" class=\"elementor elementor-1842\" data-elementor-post-type=\"page\">\n\t\t\t\t\t\t<section class=\"elementor-section elementor-top-section elementor-element elementor-element-6a8b7257 elementor-section-boxed elementor-section-height-default elementor-section-height-default\" data-id=\"6a8b7257\" data-element_type=\"section\">\n\t\t\t\t\t\t<div class=\"elementor-container elementor-column-gap-default\">\n\t\t\t\t\t<div class=\"elementor-column elementor-col-50 elementor-top-column elementor-element elementor-element-13e1c35d\" data-id=\"13e1c35d\" data-element_type=\"column\">\n\t\t\t<div class=\"elementor-widget-wrap elementor-element-populated\">\n\t\t\t\t\t\t<div class=\"elementor-element elementor-element-3acf1561 elementor-widget elementor-widget-image\" data-id=\"3acf1561\" data-element_type=\"widget\" data-widget_type=\"image.default\">\n\t\t\t\t<div class=\"elementor-widget-container\">\n\t\t\t<style>\/*! elementor - v3.23.0 - 15-07-2024 *\/\n.elementor-widget-image{text-align:center}.elementor-widget-image a{display:inline-block}.elementor-widget-image a img[src$=\".svg\"]{width:48px}.elementor-widget-image img{vertical-align:middle;display:inline-block}<\/style>\t\t\t\t\t\t\t\t\t\t<img fetchpriority=\"high\" decoding=\"async\" width=\"300\" height=\"300\" src=\"https:\/\/reliableparts.net\/ca\/wp-content\/uploads\/sites\/3\/2020\/07\/Shipping-cutoff-time-1.png\" class=\"attachment-medium size-medium wp-image-1812\" alt=\"\" \/>\t\t\t\t\t\t\t\t\t\t\t\t\t<\/div>\n\t\t\t\t<\/div>\n\t\t\t\t\t<\/div>\n\t\t<\/div>\n\t\t\t\t<div class=\"elementor-column elementor-col-50 elementor-top-column elementor-element elementor-element-9c44619\" data-id=\"9c44619\" data-element_type=\"column\">\n\t\t\t<div class=\"elementor-widget-wrap elementor-element-populated\">\n\t\t\t\t\t\t<div class=\"elementor-element elementor-element-6fda1700 elementor-widget elementor-widget-heading\" data-id=\"6fda1700\" data-element_type=\"widget\" data-widget_type=\"heading.default\">\n\t\t\t\t<div class=\"elementor-widget-container\">\n\t\t\t<style>\/*! elementor - v3.23.0 - 15-07-2024 *\/\n.elementor-heading-title{padding:0;margin:0;line-height:1}.elementor-widget-heading .elementor-heading-title[class*=elementor-size-]>a{color:inherit;font-size:inherit;line-height:inherit}.elementor-widget-heading .elementor-heading-title.elementor-size-small{font-size:15px}.elementor-widget-heading .elementor-heading-title.elementor-size-medium{font-size:19px}.elementor-widget-heading .elementor-heading-title.elementor-size-large{font-size:29px}.elementor-widget-heading .elementor-heading-title.elementor-size-xl{font-size:39px}.elementor-widget-heading .elementor-heading-title.elementor-size-xxl{font-size:59px}<\/style><h1 class=\"elementor-heading-title elementor-size-default\">Temps limites d\u2019exp\u00e9dition<\/h1>\t\t<\/div>\n\t\t\t\t<\/div>\n\t\t\t\t<div class=\"elementor-element elementor-element-582f8953 elementor-widget elementor-widget-text-editor\" data-id=\"582f8953\" data-element_type=\"widget\" data-widget_type=\"text-editor.default\">\n\t\t\t\t<div class=\"elementor-widget-container\">\n\t\t\t<style>\/*! elementor - v3.23.0 - 15-07-2024 *\/\n.elementor-widget-text-editor.elementor-drop-cap-view-stacked .elementor-drop-cap{background-color:#69727d;color:#fff}.elementor-widget-text-editor.elementor-drop-cap-view-framed .elementor-drop-cap{color:#69727d;border:3px solid;background-color:transparent}.elementor-widget-text-editor:not(.elementor-drop-cap-view-default) .elementor-drop-cap{margin-top:8px}.elementor-widget-text-editor:not(.elementor-drop-cap-view-default) .elementor-drop-cap-letter{width:1em;height:1em}.elementor-widget-text-editor .elementor-drop-cap{float:left;text-align:center;line-height:1;font-size:50px}.elementor-widget-text-editor .elementor-drop-cap-letter{display:inline-block}<\/style>\t\t\t\t<p>Passez votre commande \u00e0 l'heure ci-dessous pour une exp\u00e9dition le jour m\u00eame sur les pi\u00e8ces en stock.<br \/>001 (Coquitlam) - 15h00 PST<br \/>020 (Calgary DC) - 15h00 MST<br \/>006 (Winnipeg) - 15h00 CST<br \/>030 (Meyerside DC) - 17h00 EST<br \/>080 (Dartmouth) - 15h00 AST<\/p>\t\t\t\t\t\t<\/div>\n\t\t\t\t<\/div>\n\t\t\t\t\t<\/div>\n\t\t<\/div>\n\t\t\t\t\t<\/div>\n\t\t<\/section>\n\t\t\t\t<\/div>","protected":false},"excerpt":{"rendered":"<p>Shipping Cutoff Times Place your order by the time below for same-day shipping on in-stock parts.001 (Coquitlam) &#8211; 3pm PST020 (Calgary DC) &#8211; 3pm MST006 (Winnipeg) &#8211; 3pm CST030 (Meyerside DC) &#8211; 5pm EST080 (Dartmouth) &#8211; 3pm AST<\/p>","protected":false},"author":7,"featured_media":0,"parent":0,"menu_order":0,"comment_status":"closed","ping_status":"closed","template":"","meta":{"_acf_changed":false,"footnotes":""},"class_list":["post-1842","page","type-page","status-publish","hentry"],"acf":[],"_links":{"self":[{"href":"https:\/\/reliableparts.net\/ca\/fr\/wp-json\/wp\/v2\/pages\/1842"}],"collection":[{"href":"https:\/\/reliableparts.net\/ca\/fr\/wp-json\/wp\/v2\/pages"}],"about":[{"href":"https:\/\/reliableparts.net\/ca\/fr\/wp-json\/wp\/v2\/types\/page"}],"author":[{"embeddable":true,"href":"https:\/\/reliableparts.net\/ca\/fr\/wp-json\/wp\/v2\/users\/7"}],"replies":[{"embeddable":true,"href":"https:\/\/reliableparts.net\/ca\/fr\/wp-json\/wp\/v2\/comments?post=1842"}],"version-history":[{"count":8,"href":"https:\/\/reliableparts.net\/ca\/fr\/wp-json\/wp\/v2\/pages\/1842\/revisions"}],"predecessor-version":[{"id":6504,"href":"https:\/\/reliableparts.net\/ca\/fr\/wp-json\/wp\/v2\/pages\/1842\/revisions\/6504"}],"wp:attachment":[{"href":"https:\/\/reliableparts.net\/ca\/fr\/wp-json\/wp\/v2\/media?parent=1842"}],"curies":[{"name":"wp","href":"https:\/\/api.w.org\/{rel}","templated":true}]}}