{"id":1763,"date":"2020-07-31T03:30:40","date_gmt":"2020-07-31T03:30:40","guid":{"rendered":"https:\/\/reliableparts.net\/ca\/?page_id=1763"},"modified":"2024-02-08T11:20:50","modified_gmt":"2024-02-08T11:20:50","slug":"samsung-core-return-form","status":"publish","type":"page","link":"https:\/\/reliableparts.net\/ca\/fr\/samsung-core-return-form\/","title":{"rendered":"Formulaire de retour de (core) Samsung"},"content":{"rendered":"<div data-elementor-type=\"wp-post\" data-elementor-id=\"1763\" class=\"elementor elementor-1763\" data-elementor-post-type=\"page\">\n\t\t\t\t\t\t<section class=\"elementor-section elementor-top-section elementor-element elementor-element-5552ae67 elementor-section-full_width elementor-section-content-middle elementor-hidden-phone elementor-section-height-default elementor-section-height-default\" data-id=\"5552ae67\" data-element_type=\"section\">\n\t\t\t\t\t\t<div class=\"elementor-container elementor-column-gap-no\">\n\t\t\t\t\t<div class=\"elementor-column elementor-col-100 elementor-top-column elementor-element elementor-element-38a03bd0\" data-id=\"38a03bd0\" data-element_type=\"column\" id=\"wp-pages-breadcrumbs\">\n\t\t\t<div class=\"elementor-widget-wrap elementor-element-populated\">\n\t\t\t\t\t\t<div class=\"elementor-element elementor-element-23fd28d4 elementor-widget elementor-widget-heading\" data-id=\"23fd28d4\" data-element_type=\"widget\" data-widget_type=\"heading.default\">\n\t\t\t\t<div class=\"elementor-widget-container\">\n\t\t\t<style>\/*! elementor - v3.23.0 - 15-07-2024 *\/\n.elementor-heading-title{padding:0;margin:0;line-height:1}.elementor-widget-heading .elementor-heading-title[class*=elementor-size-]>a{color:inherit;font-size:inherit;line-height:inherit}.elementor-widget-heading .elementor-heading-title.elementor-size-small{font-size:15px}.elementor-widget-heading .elementor-heading-title.elementor-size-medium{font-size:19px}.elementor-widget-heading .elementor-heading-title.elementor-size-large{font-size:29px}.elementor-widget-heading .elementor-heading-title.elementor-size-xl{font-size:39px}.elementor-widget-heading .elementor-heading-title.elementor-size-xxl{font-size:59px}<\/style><h2 class=\"elementor-heading-title elementor-size-default\"><a href=\"\/ca\/fr\/\">Accueil<\/a><\/h2>\t\t<\/div>\n\t\t\t\t<\/div>\n\t\t\t\t<div class=\"elementor-element elementor-element-785bff5d elementor-widget elementor-widget-heading\" data-id=\"785bff5d\" data-element_type=\"widget\" data-widget_type=\"heading.default\">\n\t\t\t\t<div class=\"elementor-widget-container\">\n\t\t\t<h2 class=\"elementor-heading-title elementor-size-default\">\/<\/h2>\t\t<\/div>\n\t\t\t\t<\/div>\n\t\t\t\t<div class=\"elementor-element elementor-element-5f4ff583 elementor-widget elementor-widget-heading\" data-id=\"5f4ff583\" data-element_type=\"widget\" data-widget_type=\"heading.default\">\n\t\t\t\t<div class=\"elementor-widget-container\">\n\t\t\t<h2 class=\"elementor-heading-title elementor-size-default\"><a href=\"https:\/\/reliableparts.net\/ca\/fr\/samsung-core-return-form\/\">Formulaire de retour de (core) Samsung<\/a><\/h2>\t\t<\/div>\n\t\t\t\t<\/div>\n\t\t\t\t\t<\/div>\n\t\t<\/div>\n\t\t\t\t\t<\/div>\n\t\t<\/section>\n\t\t\t\t<section class=\"elementor-section elementor-top-section elementor-element elementor-element-6f19c8e5 elementor-section-full_width elementor-section-height-default elementor-section-height-default\" data-id=\"6f19c8e5\" data-element_type=\"section\" id=\"page-title-mobile\" data-settings=\"{&quot;background_background&quot;:&quot;classic&quot;}\">\n\t\t\t\t\t\t<div class=\"elementor-container elementor-column-gap-no\">\n\t\t\t\t\t<div class=\"elementor-column elementor-col-100 elementor-top-column elementor-element elementor-element-63d49b6e\" data-id=\"63d49b6e\" data-element_type=\"column\">\n\t\t\t<div class=\"elementor-widget-wrap elementor-element-populated\">\n\t\t\t\t\t\t<div class=\"elementor-element elementor-element-3e28c2ad elementor-widget elementor-widget-heading\" data-id=\"3e28c2ad\" data-element_type=\"widget\" data-widget_type=\"heading.default\">\n\t\t\t\t<div class=\"elementor-widget-container\">\n\t\t\t<h2 class=\"elementor-heading-title elementor-size-default\">Formulaire de retour de (core) Samsung<\/h2>\t\t<\/div>\n\t\t\t\t<\/div>\n\t\t\t\t\t<\/div>\n\t\t<\/div>\n\t\t\t\t\t<\/div>\n\t\t<\/section>\n\t\t\t\t<section class=\"elementor-section elementor-top-section elementor-element elementor-element-e4c460e elementor-section-boxed elementor-section-height-default elementor-section-height-default\" data-id=\"e4c460e\" data-element_type=\"section\">\n\t\t\t\t\t\t<div class=\"elementor-container elementor-column-gap-default\">\n\t\t\t\t\t<div class=\"elementor-column elementor-col-100 elementor-top-column elementor-element elementor-element-5913c971\" data-id=\"5913c971\" data-element_type=\"column\">\n\t\t\t<div class=\"elementor-widget-wrap elementor-element-populated\">\n\t\t\t\t\t\t<div class=\"elementor-element elementor-element-6304f036 elementor-widget elementor-widget-text-editor\" data-id=\"6304f036\" data-element_type=\"widget\" data-widget_type=\"text-editor.default\">\n\t\t\t\t<div class=\"elementor-widget-container\">\n\t\t\t<style>\/*! elementor - v3.23.0 - 15-07-2024 *\/\n.elementor-widget-text-editor.elementor-drop-cap-view-stacked .elementor-drop-cap{background-color:#69727d;color:#fff}.elementor-widget-text-editor.elementor-drop-cap-view-framed .elementor-drop-cap{color:#69727d;border:3px solid;background-color:transparent}.elementor-widget-text-editor:not(.elementor-drop-cap-view-default) .elementor-drop-cap{margin-top:8px}.elementor-widget-text-editor:not(.elementor-drop-cap-view-default) .elementor-drop-cap-letter{width:1em;height:1em}.elementor-widget-text-editor .elementor-drop-cap{float:left;text-align:center;line-height:1;font-size:50px}.elementor-widget-text-editor .elementor-drop-cap-letter{display:inline-block}<\/style>\t\t\t\t<div class=\"core-btn-container\"><a class=\"custom-btn\" role=\"button\" href=\"\/wp-content\/rpfiles\/SamsungCoreReturnForm.pdf\" target=\"_blank\" rel=\"noopener\" download=\"\">\n<span class=\"icon-container\">\n<i class=\"fa fa-download\" aria-hidden=\"true\"><\/i>\n<\/span>Formulaire de retour de core Samsung - Cliquez pour t\u00e9l\u00e9charger<\/div><\/a>\t\t\t\t\t\t<\/div>\n\t\t\t\t<\/div>\n\t\t\t\t\t<\/div>\n\t\t<\/div>\n\t\t\t\t\t<\/div>\n\t\t<\/section>\n\t\t\t\t<section class=\"elementor-section elementor-top-section elementor-element elementor-element-1f4bf3f1 elementor-section-full_width container break-word elementor-reverse-mobile elementor-section-height-default elementor-section-height-default\" data-id=\"1f4bf3f1\" data-element_type=\"section\" data-settings=\"{&quot;background_background&quot;:&quot;classic&quot;}\">\n\t\t\t\t\t\t<div class=\"elementor-container elementor-column-gap-no\">\n\t\t\t\t\t<div class=\"elementor-column elementor-col-100 elementor-top-column elementor-element elementor-element-32f9d33a\" data-id=\"32f9d33a\" data-element_type=\"column\">\n\t\t\t<div class=\"elementor-widget-wrap elementor-element-populated\">\n\t\t\t\t\t\t<div class=\"elementor-element elementor-element-77cceb85 elementor-widget elementor-widget-heading\" data-id=\"77cceb85\" data-element_type=\"widget\" data-widget_type=\"heading.default\">\n\t\t\t\t<div class=\"elementor-widget-container\">\n\t\t\t<h2 class=\"elementor-heading-title elementor-size-default\"><strong>Instructions\u00a0pour\u00a0le\u00a0formulaire\u00a0de\u00a0retour de core\u00a0Samsung\u00a0<\/strong><\/h2>\t\t<\/div>\n\t\t\t\t<\/div>\n\t\t\t\t<div class=\"elementor-element elementor-element-6a4145ef elementor-widget elementor-widget-spacer\" data-id=\"6a4145ef\" data-element_type=\"widget\" data-widget_type=\"spacer.default\">\n\t\t\t\t<div class=\"elementor-widget-container\">\n\t\t\t<style>\/*! elementor - v3.23.0 - 15-07-2024 *\/\n.elementor-column .elementor-spacer-inner{height:var(--spacer-size)}.e-con{--container-widget-width:100%}.e-con-inner>.elementor-widget-spacer,.e-con>.elementor-widget-spacer{width:var(--container-widget-width,var(--spacer-size));--align-self:var(--container-widget-align-self,initial);--flex-shrink:0}.e-con-inner>.elementor-widget-spacer>.elementor-widget-container,.e-con>.elementor-widget-spacer>.elementor-widget-container{height:100%;width:100%}.e-con-inner>.elementor-widget-spacer>.elementor-widget-container>.elementor-spacer,.e-con>.elementor-widget-spacer>.elementor-widget-container>.elementor-spacer{height:100%}.e-con-inner>.elementor-widget-spacer>.elementor-widget-container>.elementor-spacer>.elementor-spacer-inner,.e-con>.elementor-widget-spacer>.elementor-widget-container>.elementor-spacer>.elementor-spacer-inner{height:var(--container-widget-height,var(--spacer-size))}.e-con-inner>.elementor-widget-spacer.elementor-widget-empty,.e-con>.elementor-widget-spacer.elementor-widget-empty{position:relative;min-height:22px;min-width:22px}.e-con-inner>.elementor-widget-spacer.elementor-widget-empty .elementor-widget-empty-icon,.e-con>.elementor-widget-spacer.elementor-widget-empty .elementor-widget-empty-icon{position:absolute;top:0;bottom:0;left:0;right:0;margin:auto;padding:0;width:22px;height:22px}<\/style>\t\t<div class=\"elementor-spacer\">\n\t\t\t<div class=\"elementor-spacer-inner\"><\/div>\n\t\t<\/div>\n\t\t\t\t<\/div>\n\t\t\t\t<\/div>\n\t\t\t\t<div class=\"elementor-element elementor-element-48c960ae elementor-widget elementor-widget-text-editor\" data-id=\"48c960ae\" data-element_type=\"widget\" data-widget_type=\"text-editor.default\">\n\t\t\t\t<div class=\"elementor-widget-container\">\n\t\t\t\t\t\t\t<p>Le\u00a0processus\u00a0de\u00a0retour\u00a0des\u00a0core\u00a0a\u00a0tr\u00e8s\u00a0peu\u00a0chang\u00e9\u00a0lorsqu'il\u00a0s'agit\u00a0de\u00a0Reliable Parts.\u00a0Veuillez\u00a0trouver\u00a0ci-dessous\u00a0une\u00a0ligne\u00a0directrice\u00a0qui\u00a0couvre\u00a0les\u00a0\u00e9tapes\u00a0\u00e0\u00a0suivre.\u00a0Ils\u00a0sont\u00a0presque\u00a0identiques\u00a0\u00e0\u00a0la\u00a0fa\u00e7on\u00a0dont\u00a0tout\u00a0a\u00a0fonctionn\u00e9\u00a0depuis\u00a0deux\u00a0ans.<\/p><p>\u00a0<\/p><p><strong>Points importants \u00e0 conna\u00eetre :<\/strong><\/p><p>1) Toutes les pi\u00e8ces qui ont une valeur de core se verront attribuer un num\u00e9ro de RMA de core par Reliable Parts. Ce num\u00e9ro sera imprim\u00e9 sur la facture ainsi que sur l'\u00e9tiquette suppl\u00e9mentaire que nous fournissons sur chaque pi\u00e8ce qui comprend le num\u00e9ro de pi\u00e8ce, le num\u00e9ro de s\u00e9rie et la description.<\/p><p>2)\u00a0Le\u00a0d\u00e9lai\u00a0de\u00a0retour\u00a0est\u00a0le\u00a0m\u00eame\u00a0qu'avant\u00a0-\u00a045\u00a0jours\u00a0pour\u00a0les\u00a0panneaux\u00a0et\u00a090\u00a0jours\u00a0pour\u00a0les\u00a0autres\u00a0pi\u00e8ces\u00a0\u00e0\u00a0compter\u00a0de\u00a0la\u00a0date\u00a0de\u00a0la\u00a0facture\u00a0Reliable Parts.<\/p><p>3)\u00a0Le\u00a0processus\u00a0d'exp\u00e9dition\u00a0est\u00a0le\u00a0m\u00eame\u00a0qu'avant\u00a0-\u00a0retour\u00a0DIRECTEMENT\u00a0\u00e0\u00a0Samsung et non chez Reliable Parts.<\/p><p>4) Vous devez inclure une copie du formulaire de retour principal (fourni par Reliable Parts) \u00e0 l'int\u00e9rieur de la bo\u00eete, ainsi qu'\u00e0 l'ext\u00e9rieur pour vous assurer que le retour est correctement affect\u00e9 \u00e0 votre compte.<\/p><p>5) Vous devez suivre les instructions d'exp\u00e9dition ci-dessous, faute de quoi des frais suppl\u00e9mentaires pourraient \u00eatre factur\u00e9s sur votre compte.<\/p><p>6)\u00a0Les\u00a0frais\u00a0de\u00a0valeur\u00a0de\u00a0core\u00a0r\u00e9els\u00a0seront\u00a0factur\u00e9s\u00a0\u00e0\u00a0votre\u00a0compte\u00a0par\u00a0Reliable\u00a0Parts\u00a0si\u00a0la\u00a0pi\u00e8ce\u00a0n'est\u00a0pas\u00a0re\u00e7ue\u00a0par\u00a0Samsung\u00a0dans\u00a0le\u00a0d\u00e9lai\u00a0autoris\u00e9.<\/p><p>7)\u00a0Il\u00a0est\u00a0fortement\u00a0sugg\u00e9r\u00e9\u00a0que\u00a0vous\u00a0conserviez\u00a0une\u00a0copie\u00a0de\u00a0la\u00a0feuille\u00a0de\u00a0route\u00a0d'exp\u00e9dition\u00a0avec\u00a0vos\u00a0dossiers\u00a0pour\u00a0aider\u00a0au\u00a0cas\u00a0o\u00f9\u00a0il\u00a0est\u00a0n\u00e9cessaire\u00a0de\u00a0v\u00e9rifier\u00a0des\u00a0informations.<\/p><p>\u00a0<\/p><p><strong>Processus\u00a0:<\/strong><\/p><p>1)\u00a0Remplissez\u00a0le\u00a0formulaire\u00a0retour de core\u00a0fourni\u00a0par\u00a0Reliable\u00a0Parts.<\/p><p>2) Assurez-vous que les mots \"RETOUR DE CORE\" sont \u00e9crits \u00e0 l'ext\u00e9rieur de la case.<\/p><p>3)\u00a0Pour\u00a0exp\u00e9dier\u00a0des\u00a0panneaux\u00a0de\u00a042\"\u00a0et\u00a0plus\u00a0-\u00a0contact\u00a0:\u00a0Schenker\u00a0:\u00a01-800-759-3463\u00a0(Compte\u00a0n\u00b0\u00a0644234861)<\/p><p>4)\u00a0Pour\u00a0exp\u00e9dier\u00a0des\u00a0panneaux\u00a0de\u00a0moins\u00a0de\u00a042\"\u00a0et\u00a0toutes\u00a0les\u00a0autres\u00a0pi\u00e8ces\u00a0de\u00a0base,\u00a0contacter\u00a0UPS\u00a0:\u00a01-800-742-5877\u00a0(Loi\u00a0no\u00a0R0F703)<\/p><p style=\"padding-left: 30px;\">a.\u00a0Le\u00a0poids\u00a0total\u00a0de\u00a0l'envoi\u00a0ne\u00a0doit\u00a0pas\u00a0d\u00e9passer\u00a0un\u00a0total\u00a0de\u00a0200\u00a0livres\u00a0et\u00a0aucune\u00a0bo\u00eete\u00a0ne\u00a0peut\u00a0peser\u00a0plus\u00a0de\u00a040\u00a0livres\u00a0pour\u00a0les\u00a0envois\u00a0UPS.<\/p><p style=\"padding-left: 30px;\">b.\u00a0S\u00e9lectionnez\u00a0Livraison\u00a0\"Standard\"\u00a0et\u00a0\"Aucune\u00a0valeur\u00a0d\u00e9clar\u00e9e\"<\/p><p>5)\u00a0Exp\u00e9diez\u00a0\u00e0\u00a0l'adresse\u00a0suivante\u00a0-\u00a0et\u00a0non chez Reliable Parts\u00a0:<\/p><p>\u00a0<\/p><p style=\"text-align: center;\"><span style=\"color: #3366ff;\"><strong>Samsung Electronics Canada <\/strong><\/span><\/p><p style=\"text-align: center;\">(retour\u00a0de\u00a0pi\u00e8ces\u00a0SECA)<\/p><p style=\"text-align: center;\">6580 Millcreek Drive<\/p><p style=\"text-align: center;\">Mississauga, Ontario<\/p><p style=\"text-align: center;\">L5N 8B3<\/p>\t\t\t\t\t\t<\/div>\n\t\t\t\t<\/div>\n\t\t\t\t\t<\/div>\n\t\t<\/div>\n\t\t\t\t\t<\/div>\n\t\t<\/section>\n\t\t\t\t<section class=\"elementor-section elementor-top-section elementor-element elementor-element-24ff3f6e elementor-section-full_width elementor-section-height-default elementor-section-height-default\" data-id=\"24ff3f6e\" data-element_type=\"section\">\n\t\t\t\t\t\t<div class=\"elementor-container elementor-column-gap-no\">\n\t\t\t\t\t<div class=\"elementor-column elementor-col-100 elementor-top-column elementor-element elementor-element-7880c5e8\" data-id=\"7880c5e8\" data-element_type=\"column\">\n\t\t\t<div class=\"elementor-widget-wrap elementor-element-populated\">\n\t\t\t\t\t\t<div class=\"elementor-element elementor-element-5184fbfe elementor-widget elementor-widget-spacer\" data-id=\"5184fbfe\" data-element_type=\"widget\" data-widget_type=\"spacer.default\">\n\t\t\t\t<div class=\"elementor-widget-container\">\n\t\t\t\t\t<div class=\"elementor-spacer\">\n\t\t\t<div class=\"elementor-spacer-inner\"><\/div>\n\t\t<\/div>\n\t\t\t\t<\/div>\n\t\t\t\t<\/div>\n\t\t\t\t\t<\/div>\n\t\t<\/div>\n\t\t\t\t\t<\/div>\n\t\t<\/section>\n\t\t\t\t<\/div>","protected":false},"excerpt":{"rendered":"<p>Home \/ Samsung Core Return Form Samsung Core Return Form SAMSUNG CORE RETURN FORM \u2013 CLICK TO DOWNLOAD SAMSUNG CORE RETURN FORM INSTRUCTIONS The core parts return process has changed very little when dealing with Reliable Parts. Please find a guideline below that covers the steps to follow. They are almost identical to how everything [&hellip;]<\/p>","protected":false},"author":7,"featured_media":0,"parent":0,"menu_order":0,"comment_status":"closed","ping_status":"closed","template":"","meta":{"_acf_changed":false,"footnotes":""},"class_list":["post-1763","page","type-page","status-publish","hentry"],"acf":[],"_links":{"self":[{"href":"https:\/\/reliableparts.net\/ca\/fr\/wp-json\/wp\/v2\/pages\/1763"}],"collection":[{"href":"https:\/\/reliableparts.net\/ca\/fr\/wp-json\/wp\/v2\/pages"}],"about":[{"href":"https:\/\/reliableparts.net\/ca\/fr\/wp-json\/wp\/v2\/types\/page"}],"author":[{"embeddable":true,"href":"https:\/\/reliableparts.net\/ca\/fr\/wp-json\/wp\/v2\/users\/7"}],"replies":[{"embeddable":true,"href":"https:\/\/reliableparts.net\/ca\/fr\/wp-json\/wp\/v2\/comments?post=1763"}],"version-history":[{"count":19,"href":"https:\/\/reliableparts.net\/ca\/fr\/wp-json\/wp\/v2\/pages\/1763\/revisions"}],"predecessor-version":[{"id":6691,"href":"https:\/\/reliableparts.net\/ca\/fr\/wp-json\/wp\/v2\/pages\/1763\/revisions\/6691"}],"wp:attachment":[{"href":"https:\/\/reliableparts.net\/ca\/fr\/wp-json\/wp\/v2\/media?parent=1763"}],"curies":[{"name":"wp","href":"https:\/\/api.w.org\/{rel}","templated":true}]}}