{"id":1203,"date":"2019-04-09T14:23:54","date_gmt":"2019-04-09T14:23:54","guid":{"rendered":"https:\/\/reliableparts.net\/us\/?page_id=1203"},"modified":"2024-02-07T13:57:14","modified_gmt":"2024-02-07T13:57:14","slug":"reliable-parts-return-policy","status":"publish","type":"page","link":"https:\/\/reliableparts.net\/ca\/fr\/reliable-parts-return-policy\/","title":{"rendered":"Reliable Parts Return Policy"},"content":{"rendered":"<div data-elementor-type=\"wp-post\" data-elementor-id=\"1203\" class=\"elementor elementor-1203\" data-elementor-post-type=\"page\">\n\t\t\t\t\t\t<section class=\"elementor-section elementor-top-section elementor-element elementor-element-1647c25f elementor-section-full_width elementor-section-content-middle elementor-hidden-phone elementor-section-height-default elementor-section-height-default\" data-id=\"1647c25f\" data-element_type=\"section\">\n\t\t\t\t\t\t<div class=\"elementor-container elementor-column-gap-no\">\n\t\t\t\t\t<div class=\"elementor-column elementor-col-100 elementor-top-column elementor-element elementor-element-25725405\" data-id=\"25725405\" data-element_type=\"column\" id=\"wp-pages-breadcrumbs\">\n\t\t\t<div class=\"elementor-widget-wrap elementor-element-populated\">\n\t\t\t\t\t\t<div class=\"elementor-element elementor-element-e6fa8d4 elementor-widget elementor-widget-heading\" data-id=\"e6fa8d4\" data-element_type=\"widget\" data-widget_type=\"heading.default\">\n\t\t\t\t<div class=\"elementor-widget-container\">\n\t\t\t<style>\/*! elementor - v3.23.0 - 15-07-2024 *\/\n.elementor-heading-title{padding:0;margin:0;line-height:1}.elementor-widget-heading .elementor-heading-title[class*=elementor-size-]>a{color:inherit;font-size:inherit;line-height:inherit}.elementor-widget-heading .elementor-heading-title.elementor-size-small{font-size:15px}.elementor-widget-heading .elementor-heading-title.elementor-size-medium{font-size:19px}.elementor-widget-heading .elementor-heading-title.elementor-size-large{font-size:29px}.elementor-widget-heading .elementor-heading-title.elementor-size-xl{font-size:39px}.elementor-widget-heading .elementor-heading-title.elementor-size-xxl{font-size:59px}<\/style><h2 class=\"elementor-heading-title elementor-size-default\"><a href=\"\/ca\/fr\/\">Accueil<\/a><\/h2>\t\t<\/div>\n\t\t\t\t<\/div>\n\t\t\t\t<div class=\"elementor-element elementor-element-478177bf elementor-widget elementor-widget-heading\" data-id=\"478177bf\" data-element_type=\"widget\" data-widget_type=\"heading.default\">\n\t\t\t\t<div class=\"elementor-widget-container\">\n\t\t\t<h2 class=\"elementor-heading-title elementor-size-default\">\/<\/h2>\t\t<\/div>\n\t\t\t\t<\/div>\n\t\t\t\t<div class=\"elementor-element elementor-element-2dcfb937 elementor-widget elementor-widget-heading\" data-id=\"2dcfb937\" data-element_type=\"widget\" data-widget_type=\"heading.default\">\n\t\t\t\t<div class=\"elementor-widget-container\">\n\t\t\t<h2 class=\"elementor-heading-title elementor-size-default\">Politique\u00a0de\u00a0retour<\/h2>\t\t<\/div>\n\t\t\t\t<\/div>\n\t\t\t\t\t<\/div>\n\t\t<\/div>\n\t\t\t\t\t<\/div>\n\t\t<\/section>\n\t\t\t\t<section class=\"elementor-section elementor-top-section elementor-element elementor-element-35f7d6ed elementor-section-full_width elementor-section-height-default elementor-section-height-default\" data-id=\"35f7d6ed\" data-element_type=\"section\" id=\"page-title-mobile\" data-settings=\"{&quot;background_background&quot;:&quot;classic&quot;}\">\n\t\t\t\t\t\t<div class=\"elementor-container elementor-column-gap-no\">\n\t\t\t\t\t<div class=\"elementor-column elementor-col-100 elementor-top-column elementor-element elementor-element-572702c7\" data-id=\"572702c7\" data-element_type=\"column\">\n\t\t\t<div class=\"elementor-widget-wrap elementor-element-populated\">\n\t\t\t\t\t\t<div class=\"elementor-element elementor-element-68f7a583 elementor-widget elementor-widget-heading\" data-id=\"68f7a583\" data-element_type=\"widget\" data-widget_type=\"heading.default\">\n\t\t\t\t<div class=\"elementor-widget-container\">\n\t\t\t<h2 class=\"elementor-heading-title elementor-size-default\">Reliable Parts Return Policy 2023<\/h2>\t\t<\/div>\n\t\t\t\t<\/div>\n\t\t\t\t\t<\/div>\n\t\t<\/div>\n\t\t\t\t\t<\/div>\n\t\t<\/section>\n\t\t\t\t<section class=\"elementor-section elementor-top-section elementor-element elementor-element-15b2f416 elementor-section-full_width container break-word elementor-reverse-mobile elementor-section-height-default elementor-section-height-default\" data-id=\"15b2f416\" data-element_type=\"section\" data-settings=\"{&quot;background_background&quot;:&quot;classic&quot;}\">\n\t\t\t\t\t\t<div class=\"elementor-container elementor-column-gap-no\">\n\t\t\t\t\t<div class=\"elementor-column elementor-col-100 elementor-top-column elementor-element elementor-element-4c97be6c\" data-id=\"4c97be6c\" data-element_type=\"column\">\n\t\t\t<div class=\"elementor-widget-wrap elementor-element-populated\">\n\t\t\t\t\t\t<div class=\"elementor-element elementor-element-2ff78a0a elementor-widget elementor-widget-text-editor\" data-id=\"2ff78a0a\" data-element_type=\"widget\" data-widget_type=\"text-editor.default\">\n\t\t\t\t<div class=\"elementor-widget-container\">\n\t\t\t<style>\/*! elementor - v3.23.0 - 15-07-2024 *\/\n.elementor-widget-text-editor.elementor-drop-cap-view-stacked .elementor-drop-cap{background-color:#69727d;color:#fff}.elementor-widget-text-editor.elementor-drop-cap-view-framed .elementor-drop-cap{color:#69727d;border:3px solid;background-color:transparent}.elementor-widget-text-editor:not(.elementor-drop-cap-view-default) .elementor-drop-cap{margin-top:8px}.elementor-widget-text-editor:not(.elementor-drop-cap-view-default) .elementor-drop-cap-letter{width:1em;height:1em}.elementor-widget-text-editor .elementor-drop-cap{float:left;text-align:center;line-height:1;font-size:50px}.elementor-widget-text-editor .elementor-drop-cap-letter{display:inline-block}<\/style>\t\t\t\t<p>Tous les retours doivent \u00eatre accompagn\u00e9s d'un formulaire de retour de pi\u00e8ces d\u00fbment rempli contenant le num\u00e9ro de pi\u00e8ce, la quantit\u00e9, le num\u00e9ro de facture d'achat et le motif du retour<\/p><p>Tous\u00a0les\u00a0retours\u00a0doivent\u00a0\u00eatre\u00a0effectu\u00e9s\u00a0dans\u00a0les\u00a090\u00a0jours\u00a0suivant\u00a0la\u00a0date\u00a0de\u00a0facturation. Toutes\u00a0les\u00a0pi\u00e8ces\u00a0qui\u00a0ne\u00a0sont\u00a0pas\u00a0dans\u00a0l'emballage\u00a0d'origine\u00a0refermable,\u00a0ou\u00a0les\u00a0pi\u00e8ces\u00a0qui\u00a0ont\u00a0\u00e9t\u00e9\u00a0install\u00e9es,\u00a0modifi\u00e9es,\u00a0reconstruites,\u00a0reconditionn\u00e9es,\u00a0r\u00e9par\u00e9es,\u00a0alt\u00e9r\u00e9es\u00a0ou\u00a0endommag\u00e9es\u00a0de\u00a0quelque\u00a0mani\u00e8re\u00a0que\u00a0ce\u00a0soit,\u00a0ne\u00a0peuvent\u00a0\u00eatre\u00a0retourn\u00e9es\u00a0\u00e0\u00a0cr\u00e9dit.<\/p><p>Reliable Parts se r\u00e9serve le droit de facturer des frais de r\u00e9approvisionnement avec les exceptions suivantes : pi\u00e8ces endommag\u00e9es, pi\u00e8ces sous garantie ou retours suite \u00e0 une erreur de Reliable Parts. Ces articles ne seront pas soumis \u00e0 des frais de r\u00e9approvisionnement.<\/p><p>Les\u00a0pi\u00e8ces\u00a0de\u00a0commande\u00a0sp\u00e9ciale\u00a0(hors\u00a0stock),\u00a0les\u00a0pi\u00e8ces\u00a0qui\u00a0ont\u00a0\u00e9t\u00e9\u00a0install\u00e9es\u00a0ou\u00a0celles\u00a0qui\u00a0ne\u00a0sont\u00a0pas\u00a0dans\u00a0leur\u00a0emballage\u00a0d'origine\u00a0non\u00a0marqu\u00e9\u00a0ne\u00a0peuvent\u00a0pas\u00a0\u00eatre\u00a0retourn\u00e9es\u00a0pour\u00a0cr\u00e9dit.<\/p><p>Le\u00a0num\u00e9ro\u00a0d\u2019autorisation\u00a0d'\u00e9change\u00a0du\u00a0fabricant\u00a0peut\u00a0\u00eatre\u00a0requis\u00a0si\u00a0une\u00a0unit\u00e9\u00a0a\u00a0\u00e9t\u00e9\u00a0\u00e9chang\u00e9e\u00a0par\u00a0le\u00a0fabricant\u00a0et\u00a0que\u00a0le\u00a0fournisseur\u00a0de\u00a0services\u00a0souhaite\u00a0retourner\u00a0des\u00a0pi\u00e8ces\u00a0hors\u00a0stock.<\/p><p>Toutes les pi\u00e8ces retourn\u00e9es doivent \u00eatre exp\u00e9di\u00e9es en port pay\u00e9. Les frais d'exp\u00e9dition de tout retour exp\u00e9di\u00e9 en port d\u00fb seront d\u00e9duits de leur cr\u00e9dit.<\/p><p><span style=\"text-decoration: underline;\"><strong><span style=\"color: #ff0000; text-decoration: underline;\">Reliable Parts must be\u00a0notified\u00a0within 10 days of any short shipments or damaged parts.<\/span><\/strong><\/span><\/p><p><span style=\"text-decoration: underline;\"><strong><span style=\"color: #ff0000; text-decoration: underline;\">\u00a0<\/span><\/strong><\/span><\/p><p><strong>Les pi\u00e8ces sous garantie peuvent devoir \u00eatre retourn\u00e9es \u00e0 la succursale ou au centre de distribution Reliable Parts le plus proche, accompagn\u00e9es d'un formulaire de demande de garantie d\u00fbment rempli (qui se trouve en bas de page de notre site).<\/strong><\/p><p><strong>Une fois que vous aurez soumis votre formulaire de r\u00e9clamation, un membre de notre \u00e9quipe de garantie vous indiquera si la pi\u00e8ce doit \u00eatre retourn\u00e9e ou conserv\u00e9e.<\/strong><\/p>\t\t\t\t\t\t<\/div>\n\t\t\t\t<\/div>\n\t\t\t\t\t<\/div>\n\t\t<\/div>\n\t\t\t\t\t<\/div>\n\t\t<\/section>\n\t\t\t\t<section class=\"elementor-section elementor-top-section elementor-element elementor-element-7f17e035 elementor-section-full_width elementor-section-height-default elementor-section-height-default\" data-id=\"7f17e035\" data-element_type=\"section\">\n\t\t\t\t\t\t<div class=\"elementor-container elementor-column-gap-no\">\n\t\t\t\t\t<div class=\"elementor-column elementor-col-100 elementor-top-column elementor-element elementor-element-5093e382\" data-id=\"5093e382\" data-element_type=\"column\">\n\t\t\t<div class=\"elementor-widget-wrap elementor-element-populated\">\n\t\t\t\t\t\t<div class=\"elementor-element elementor-element-d2c8a39 elementor-widget elementor-widget-spacer\" data-id=\"d2c8a39\" data-element_type=\"widget\" data-widget_type=\"spacer.default\">\n\t\t\t\t<div class=\"elementor-widget-container\">\n\t\t\t<style>\/*! elementor - v3.23.0 - 15-07-2024 *\/\n.elementor-column .elementor-spacer-inner{height:var(--spacer-size)}.e-con{--container-widget-width:100%}.e-con-inner>.elementor-widget-spacer,.e-con>.elementor-widget-spacer{width:var(--container-widget-width,var(--spacer-size));--align-self:var(--container-widget-align-self,initial);--flex-shrink:0}.e-con-inner>.elementor-widget-spacer>.elementor-widget-container,.e-con>.elementor-widget-spacer>.elementor-widget-container{height:100%;width:100%}.e-con-inner>.elementor-widget-spacer>.elementor-widget-container>.elementor-spacer,.e-con>.elementor-widget-spacer>.elementor-widget-container>.elementor-spacer{height:100%}.e-con-inner>.elementor-widget-spacer>.elementor-widget-container>.elementor-spacer>.elementor-spacer-inner,.e-con>.elementor-widget-spacer>.elementor-widget-container>.elementor-spacer>.elementor-spacer-inner{height:var(--container-widget-height,var(--spacer-size))}.e-con-inner>.elementor-widget-spacer.elementor-widget-empty,.e-con>.elementor-widget-spacer.elementor-widget-empty{position:relative;min-height:22px;min-width:22px}.e-con-inner>.elementor-widget-spacer.elementor-widget-empty .elementor-widget-empty-icon,.e-con>.elementor-widget-spacer.elementor-widget-empty .elementor-widget-empty-icon{position:absolute;top:0;bottom:0;left:0;right:0;margin:auto;padding:0;width:22px;height:22px}<\/style>\t\t<div class=\"elementor-spacer\">\n\t\t\t<div class=\"elementor-spacer-inner\"><\/div>\n\t\t<\/div>\n\t\t\t\t<\/div>\n\t\t\t\t<\/div>\n\t\t\t\t\t<\/div>\n\t\t<\/div>\n\t\t\t\t\t<\/div>\n\t\t<\/section>\n\t\t\t\t<\/div>","protected":false},"excerpt":{"rendered":"<p>Home \/ Return Policy Reliable Parts Return Policy 2023 A completed parts return form containing part number, quantity, purchase invoice number and reason for return must\u00a0accompany\u00a0all returns. All returns must be within 90 days from date of invoice. All parts that are not in original resalable packaging, or parts that have been\u00a0installed, modified, rebuilt,\u00a0reconditioned, repaired, [&hellip;]<\/p>","protected":false},"author":1,"featured_media":0,"parent":0,"menu_order":0,"comment_status":"closed","ping_status":"closed","template":"","meta":{"_acf_changed":false,"footnotes":""},"class_list":["post-1203","page","type-page","status-publish","hentry"],"acf":[],"_links":{"self":[{"href":"https:\/\/reliableparts.net\/ca\/fr\/wp-json\/wp\/v2\/pages\/1203"}],"collection":[{"href":"https:\/\/reliableparts.net\/ca\/fr\/wp-json\/wp\/v2\/pages"}],"about":[{"href":"https:\/\/reliableparts.net\/ca\/fr\/wp-json\/wp\/v2\/types\/page"}],"author":[{"embeddable":true,"href":"https:\/\/reliableparts.net\/ca\/fr\/wp-json\/wp\/v2\/users\/1"}],"replies":[{"embeddable":true,"href":"https:\/\/reliableparts.net\/ca\/fr\/wp-json\/wp\/v2\/comments?post=1203"}],"version-history":[{"count":31,"href":"https:\/\/reliableparts.net\/ca\/fr\/wp-json\/wp\/v2\/pages\/1203\/revisions"}],"predecessor-version":[{"id":6684,"href":"https:\/\/reliableparts.net\/ca\/fr\/wp-json\/wp\/v2\/pages\/1203\/revisions\/6684"}],"wp:attachment":[{"href":"https:\/\/reliableparts.net\/ca\/fr\/wp-json\/wp\/v2\/media?parent=1203"}],"curies":[{"name":"wp","href":"https:\/\/api.w.org\/{rel}","templated":true}]}}