{"id":1071,"date":"2019-04-02T17:27:17","date_gmt":"2019-04-02T17:27:17","guid":{"rendered":"https:\/\/reliableparts.net\/us\/?page_id=1071"},"modified":"2024-02-07T13:03:40","modified_gmt":"2024-02-07T13:03:40","slug":"about-us","status":"publish","type":"page","link":"https:\/\/reliableparts.net\/ca\/fr\/about-us\/","title":{"rendered":"\u00c0\u00a0propos\u00a0de\u00a0nous"},"content":{"rendered":"<div data-elementor-type=\"wp-post\" data-elementor-id=\"1071\" class=\"elementor elementor-1071\" data-elementor-post-type=\"page\">\n\t\t\t\t\t\t<section class=\"elementor-section elementor-top-section elementor-element elementor-element-33821f21 elementor-section-full_width elementor-section-content-middle elementor-hidden-phone elementor-section-height-default elementor-section-height-default\" data-id=\"33821f21\" data-element_type=\"section\">\n\t\t\t\t\t\t<div class=\"elementor-container elementor-column-gap-no\">\n\t\t\t\t\t<div class=\"elementor-column elementor-col-100 elementor-top-column elementor-element elementor-element-5bb4b255\" data-id=\"5bb4b255\" data-element_type=\"column\" id=\"wp-pages-breadcrumbs\">\n\t\t\t<div class=\"elementor-widget-wrap elementor-element-populated\">\n\t\t\t\t\t\t<div class=\"elementor-element elementor-element-31961529 elementor-widget elementor-widget-heading\" data-id=\"31961529\" data-element_type=\"widget\" data-widget_type=\"heading.default\">\n\t\t\t\t<div class=\"elementor-widget-container\">\n\t\t\t<style>\/*! elementor - v3.23.0 - 15-07-2024 *\/\n.elementor-heading-title{padding:0;margin:0;line-height:1}.elementor-widget-heading .elementor-heading-title[class*=elementor-size-]>a{color:inherit;font-size:inherit;line-height:inherit}.elementor-widget-heading .elementor-heading-title.elementor-size-small{font-size:15px}.elementor-widget-heading .elementor-heading-title.elementor-size-medium{font-size:19px}.elementor-widget-heading .elementor-heading-title.elementor-size-large{font-size:29px}.elementor-widget-heading .elementor-heading-title.elementor-size-xl{font-size:39px}.elementor-widget-heading .elementor-heading-title.elementor-size-xxl{font-size:59px}<\/style><h2 class=\"elementor-heading-title elementor-size-default\"><a href=\"\/ca\/fr\/\">Accueil<\/a><\/h2>\t\t<\/div>\n\t\t\t\t<\/div>\n\t\t\t\t<div class=\"elementor-element elementor-element-333200f4 elementor-widget elementor-widget-heading\" data-id=\"333200f4\" data-element_type=\"widget\" data-widget_type=\"heading.default\">\n\t\t\t\t<div class=\"elementor-widget-container\">\n\t\t\t<h2 class=\"elementor-heading-title elementor-size-default\">\/<\/h2>\t\t<\/div>\n\t\t\t\t<\/div>\n\t\t\t\t<div class=\"elementor-element elementor-element-42320238 elementor-widget elementor-widget-heading\" data-id=\"42320238\" data-element_type=\"widget\" data-widget_type=\"heading.default\">\n\t\t\t\t<div class=\"elementor-widget-container\">\n\t\t\t<h2 class=\"elementor-heading-title elementor-size-default\">\u00c0\u00a0propos\u00a0de\u00a0nous<\/h2>\t\t<\/div>\n\t\t\t\t<\/div>\n\t\t\t\t\t<\/div>\n\t\t<\/div>\n\t\t\t\t\t<\/div>\n\t\t<\/section>\n\t\t\t\t<section class=\"elementor-section elementor-top-section elementor-element elementor-element-3a5f2aed elementor-section-full_width elementor-section-height-default elementor-section-height-default\" data-id=\"3a5f2aed\" data-element_type=\"section\" id=\"page-title-mobile\">\n\t\t\t\t\t\t<div class=\"elementor-container elementor-column-gap-no\">\n\t\t\t\t\t<div class=\"elementor-column elementor-col-100 elementor-top-column elementor-element elementor-element-990808c\" data-id=\"990808c\" data-element_type=\"column\">\n\t\t\t<div class=\"elementor-widget-wrap elementor-element-populated\">\n\t\t\t\t\t\t<div class=\"elementor-element elementor-element-1f28ed51 elementor-widget elementor-widget-heading\" data-id=\"1f28ed51\" data-element_type=\"widget\" data-widget_type=\"heading.default\">\n\t\t\t\t<div class=\"elementor-widget-container\">\n\t\t\t<h2 class=\"elementor-heading-title elementor-size-default\">\u00c0\u00a0propos\u00a0de\u00a0nous<\/h2>\t\t<\/div>\n\t\t\t\t<\/div>\n\t\t\t\t\t<\/div>\n\t\t<\/div>\n\t\t\t\t\t<\/div>\n\t\t<\/section>\n\t\t\t\t<section class=\"elementor-section elementor-top-section elementor-element elementor-element-6e129c24 elementor-section-full_width container break-word elementor-section-height-default elementor-section-height-default\" data-id=\"6e129c24\" data-element_type=\"section\" data-settings=\"{&quot;background_background&quot;:&quot;classic&quot;}\">\n\t\t\t\t\t\t<div class=\"elementor-container elementor-column-gap-no\">\n\t\t\t\t\t<div class=\"elementor-column elementor-col-50 elementor-top-column elementor-element elementor-element-2d245a97\" data-id=\"2d245a97\" data-element_type=\"column\">\n\t\t\t<div class=\"elementor-widget-wrap elementor-element-populated\">\n\t\t\t\t\t\t<div class=\"elementor-element elementor-element-79bfe0d8 break-word elementor-widget elementor-widget-text-editor\" data-id=\"79bfe0d8\" data-element_type=\"widget\" data-widget_type=\"text-editor.default\">\n\t\t\t\t<div class=\"elementor-widget-container\">\n\t\t\t<style>\/*! elementor - v3.23.0 - 15-07-2024 *\/\n.elementor-widget-text-editor.elementor-drop-cap-view-stacked .elementor-drop-cap{background-color:#69727d;color:#fff}.elementor-widget-text-editor.elementor-drop-cap-view-framed .elementor-drop-cap{color:#69727d;border:3px solid;background-color:transparent}.elementor-widget-text-editor:not(.elementor-drop-cap-view-default) .elementor-drop-cap{margin-top:8px}.elementor-widget-text-editor:not(.elementor-drop-cap-view-default) .elementor-drop-cap-letter{width:1em;height:1em}.elementor-widget-text-editor .elementor-drop-cap{float:left;text-align:center;line-height:1;font-size:50px}.elementor-widget-text-editor .elementor-drop-cap-letter{display:inline-block}<\/style>\t\t\t\t<p style=\"text-align: left;\"><span style=\"color: #1658a0;\">At <em><span style=\"color: #1658a0;\"><strong>Reliable<\/strong><\/span>\u00a0 <span style=\"color: #178a35;\"><strong>Parts<\/strong><\/span> <\/em>, we provide you with quick access to a wide variety of appliance and consumer electronics parts; accessories at low prices. We ship all orders received by 4:00 PM the same day from our distribution centers or your nearest branch through a variety of options that make it convenient for you to receive what you want when you need it.<\/span><span style=\"font-size: 16px;\">\u00a0<\/span><\/p>\n<span style=\"color: #1658a0;\">\n<em><span style=\"color: #1658a0;\"><strong>Reliable<\/strong><\/span>\u00a0 <span style=\"color: #178a35;\"><strong>Parts<\/strong><\/span> <\/em> has 62 branch locations and 8 distribution centers across North America. Our Canadian market is served by 28 branch locations across Canada with four Distribution Centers; Toronto, Montreal, Calgary, and Vancouver with our Canadian Head Office in Coquitlam, British Columbia. The United States market is served by 34 branch locations in major cities across the US with four Distribution Centers; Seattle, Sacramento, Dallas, and Indianapolis with our US Head Office in Dallas, Texas. All our branches are located for convenience and contain showrooms effectively displaying our most popular appliance parts, BBQ parts and accessory items.<\/span><span style=\"color: #1658a0;\">\u00a0\u00a0<\/span>\n<span style=\"color: #1658a0;\">\n<em><span style=\"color: #1658a0;\"><strong>Reliable<\/strong><\/span>\u00a0 <span style=\"color: #178a35;\"><strong>Parts<\/strong><\/span> <\/em> Pi\u00e8ces <em><span style=\"color: #1658a0\"><strong>Reliable<\/strong><\/span><\/em> a \u00e9t\u00e9 cr\u00e9\u00e9 en 1933 et est devenu l\u2019un des distributeurs d\u2019appareils \u00e9lectrom\u00e9nagers et de pi\u00e8ces \u00e9lectroniques grand public les plus importants et les plus respect\u00e9s en Am\u00e9rique du Nord. Nous avons re\u00e7u de nombreux prix pour l\u2019excellence du service au fil des ans de la part des principaux fabricants d\u2019appareils \u00e9lectrom\u00e9nagers que nous repr\u00e9sentons. L\u2019une de nos r\u00e9alisations dont nous sommes les plus fiers a \u00e9t\u00e9 d\u2019\u00eatre reconnu par Arthur Anderson et le Financial Post comme l\u2019une des \u00ab cinquante soci\u00e9t\u00e9s priv\u00e9es les mieux g\u00e9r\u00e9es au Canada \u00bb.\u00a0<\/span>\n\n<span style=\"color: #1658a0;\">\u00a0<\/span>\t\t\t\t\t\t<\/div>\n\t\t\t\t<\/div>\n\t\t\t\t\t<\/div>\n\t\t<\/div>\n\t\t\t\t<div class=\"elementor-column elementor-col-50 elementor-top-column elementor-element elementor-element-6882ad21\" data-id=\"6882ad21\" data-element_type=\"column\">\n\t\t\t<div class=\"elementor-widget-wrap elementor-element-populated\">\n\t\t\t\t\t\t<div class=\"elementor-element elementor-element-17495c8f elementor-widget elementor-widget-image\" data-id=\"17495c8f\" data-element_type=\"widget\" data-widget_type=\"image.default\">\n\t\t\t\t<div class=\"elementor-widget-container\">\n\t\t\t<style>\/*! elementor - v3.23.0 - 15-07-2024 *\/\n.elementor-widget-image{text-align:center}.elementor-widget-image a{display:inline-block}.elementor-widget-image a img[src$=\".svg\"]{width:48px}.elementor-widget-image img{vertical-align:middle;display:inline-block}<\/style>\t\t\t\t\t\t\t\t\t\t<img fetchpriority=\"high\" decoding=\"async\" width=\"588\" height=\"608\" src=\"https:\/\/reliableparts.net\/ca\/wp-content\/uploads\/sites\/3\/2019\/06\/RP_HQs_about_us.png\" class=\"attachment-full size-full wp-image-1680\" alt=\"\" \/>\t\t\t\t\t\t\t\t\t\t\t\t\t<\/div>\n\t\t\t\t<\/div>\n\t\t\t\t\t<\/div>\n\t\t<\/div>\n\t\t\t\t\t<\/div>\n\t\t<\/section>\n\t\t\t\t<section class=\"elementor-section elementor-top-section elementor-element elementor-element-eb36775 elementor-section-boxed elementor-section-height-default elementor-section-height-default\" data-id=\"eb36775\" data-element_type=\"section\">\n\t\t\t\t\t\t<div class=\"elementor-container elementor-column-gap-default\">\n\t\t\t\t\t<div class=\"elementor-column elementor-col-100 elementor-top-column elementor-element elementor-element-a8ee9a9\" data-id=\"a8ee9a9\" data-element_type=\"column\">\n\t\t\t<div class=\"elementor-widget-wrap elementor-element-populated\">\n\t\t\t\t\t\t<div class=\"elementor-element elementor-element-7459dc6 elementor-widget elementor-widget-text-editor\" data-id=\"7459dc6\" data-element_type=\"widget\" data-widget_type=\"text-editor.default\">\n\t\t\t\t<div class=\"elementor-widget-container\">\n\t\t\t\t\t\t\t<span style=\"color: #1658a0;\">provide you with the highest level of customer service. Your feedback is important to us, so please let us know how we can serve you better at Reliable Parts. We are eternally grateful to our customers who support us and continually help us grow in our ability to serve you better.\nAlthough a mature company with experience, our outlook is young as we face the challenges of the future with excitement. We are continually striving for improvement and efficiency in our business methods so that we always provide you with the highest level of customer service. Your feedback is important to us, so please let us know how we can serve you better at Reliable Parts. We are eternally grateful to our customers who support us and continually help us grow in our ability to serve you better.<\/span>\n<p style=\"text-align: center;\"><\/p>\t\t\t\t\t\t<\/div>\n\t\t\t\t<\/div>\n\t\t\t\t\t<\/div>\n\t\t<\/div>\n\t\t\t\t\t<\/div>\n\t\t<\/section>\n\t\t\t\t<section class=\"elementor-section elementor-top-section elementor-element elementor-element-54da1498 elementor-section-full_width elementor-section-height-default elementor-section-height-default\" data-id=\"54da1498\" data-element_type=\"section\">\n\t\t\t\t\t\t<div class=\"elementor-container elementor-column-gap-no\">\n\t\t\t\t\t<div class=\"elementor-column elementor-col-100 elementor-top-column elementor-element elementor-element-40696434\" data-id=\"40696434\" data-element_type=\"column\">\n\t\t\t<div class=\"elementor-widget-wrap elementor-element-populated\">\n\t\t\t\t\t\t<div class=\"elementor-element elementor-element-44c1c33 elementor-widget elementor-widget-spacer\" data-id=\"44c1c33\" data-element_type=\"widget\" data-widget_type=\"spacer.default\">\n\t\t\t\t<div class=\"elementor-widget-container\">\n\t\t\t<style>\/*! elementor - v3.23.0 - 15-07-2024 *\/\n.elementor-column .elementor-spacer-inner{height:var(--spacer-size)}.e-con{--container-widget-width:100%}.e-con-inner>.elementor-widget-spacer,.e-con>.elementor-widget-spacer{width:var(--container-widget-width,var(--spacer-size));--align-self:var(--container-widget-align-self,initial);--flex-shrink:0}.e-con-inner>.elementor-widget-spacer>.elementor-widget-container,.e-con>.elementor-widget-spacer>.elementor-widget-container{height:100%;width:100%}.e-con-inner>.elementor-widget-spacer>.elementor-widget-container>.elementor-spacer,.e-con>.elementor-widget-spacer>.elementor-widget-container>.elementor-spacer{height:100%}.e-con-inner>.elementor-widget-spacer>.elementor-widget-container>.elementor-spacer>.elementor-spacer-inner,.e-con>.elementor-widget-spacer>.elementor-widget-container>.elementor-spacer>.elementor-spacer-inner{height:var(--container-widget-height,var(--spacer-size))}.e-con-inner>.elementor-widget-spacer.elementor-widget-empty,.e-con>.elementor-widget-spacer.elementor-widget-empty{position:relative;min-height:22px;min-width:22px}.e-con-inner>.elementor-widget-spacer.elementor-widget-empty .elementor-widget-empty-icon,.e-con>.elementor-widget-spacer.elementor-widget-empty .elementor-widget-empty-icon{position:absolute;top:0;bottom:0;left:0;right:0;margin:auto;padding:0;width:22px;height:22px}<\/style>\t\t<div class=\"elementor-spacer\">\n\t\t\t<div class=\"elementor-spacer-inner\"><\/div>\n\t\t<\/div>\n\t\t\t\t<\/div>\n\t\t\t\t<\/div>\n\t\t\t\t\t<\/div>\n\t\t<\/div>\n\t\t\t\t\t<\/div>\n\t\t<\/section>\n\t\t\t\t<\/div>","protected":false},"excerpt":{"rendered":"<p>Home \/ About Us About Us At Reliable\u00a0 Parts , we provide you with quick access to a wide variety of appliance and consumer electronics parts; accessories at low prices. We ship all orders received by 4:00 PM the same day from our distribution centers or your nearest branch through a variety of options that [&hellip;]<\/p>","protected":false},"author":1,"featured_media":0,"parent":0,"menu_order":0,"comment_status":"closed","ping_status":"closed","template":"","meta":{"_acf_changed":false,"footnotes":""},"class_list":["post-1071","page","type-page","status-publish","hentry"],"acf":[],"_links":{"self":[{"href":"https:\/\/reliableparts.net\/ca\/fr\/wp-json\/wp\/v2\/pages\/1071"}],"collection":[{"href":"https:\/\/reliableparts.net\/ca\/fr\/wp-json\/wp\/v2\/pages"}],"about":[{"href":"https:\/\/reliableparts.net\/ca\/fr\/wp-json\/wp\/v2\/types\/page"}],"author":[{"embeddable":true,"href":"https:\/\/reliableparts.net\/ca\/fr\/wp-json\/wp\/v2\/users\/1"}],"replies":[{"embeddable":true,"href":"https:\/\/reliableparts.net\/ca\/fr\/wp-json\/wp\/v2\/comments?post=1071"}],"version-history":[{"count":41,"href":"https:\/\/reliableparts.net\/ca\/fr\/wp-json\/wp\/v2\/pages\/1071\/revisions"}],"predecessor-version":[{"id":6680,"href":"https:\/\/reliableparts.net\/ca\/fr\/wp-json\/wp\/v2\/pages\/1071\/revisions\/6680"}],"wp:attachment":[{"href":"https:\/\/reliableparts.net\/ca\/fr\/wp-json\/wp\/v2\/media?parent=1071"}],"curies":[{"name":"wp","href":"https:\/\/api.w.org\/{rel}","templated":true}]}}